{"id":32,"date":"2017-06-05T23:14:02","date_gmt":"2017-06-05T21:14:02","guid":{"rendered":"http:\/\/lamaisonbulle.fr\/?page_id=32"},"modified":"2024-09-17T09:32:13","modified_gmt":"2024-09-17T07:32:13","slug":"a-propos-de","status":"publish","type":"page","link":"https:\/\/lamaisonbulle.fr\/?page_id=32","title":{"rendered":"Bienvenue"},"content":{"rendered":"<p>Active depuis d\u00e9cembre 2017, La Maison Bulle est une association \u00e0 but non lucratif. Les fondatrices, M\u00e9lina et Julie ainsi que Sandrine et Dalila, membres du conseil d&rsquo;administration, en assurent b\u00e9n\u00e9volement la gestion.<\/p>\n<p>Les ateliers propos\u00e9s sont anim\u00e9s par des intervenants sp\u00e9cialis\u00e9s.<\/p>\n<p><u>Devenir membre<\/u><\/p>\n<p>Vous partagez nos valeurs ? Vous souhaitez nous soutenir et prendre part au projet associatif ?<\/p>\n<p>En devenant membre adh\u00e9rent vous serez inform\u00e9 de toutes les activit\u00e9s auxquelles vous \u00eates susceptibles de participer et convoqu\u00e9 \u00e0 l&rsquo;assembl\u00e9e g\u00e9n\u00e9rale lors de laquelle vous serez appel\u00e9 \u00e0 :<br \/>\n&#8211; d\u00e9lib\u00e9rer sur les orientations \u00e0 venir ;<br \/>\n&#8211; vous prononcer sur la r\u00e9partition du budget, le montant de la cotisation annuelle et sur les divers tarifs d\u2019activit\u00e9s ;<br \/>\n&#8211; \u00e9lire les membres du conseil d\u2019administration ;<br \/>\n&#8211; \u00eatre \u00e9ligible au conseil d\u2019administration.<\/p>\n<p><a href=\"https:\/\/www.helloasso.com\/associations\/la-maison-bulle\/adhesions\/devenir-adherent-2024-2025\">J&rsquo;adh\u00e8re ici<\/a><\/p>\n<p>&nbsp;<\/p>\n<div style=\"width: 100%; text-align: center;\"><\/div>\n","protected":false},"excerpt":{"rendered":"<p>Active depuis d\u00e9cembre 2017, La Maison Bulle est une association \u00e0 but non lucratif. Les fondatrices, M\u00e9lina et Julie ainsi que Sandrine et Dalila, membres du conseil d&rsquo;administration, en assurent b\u00e9n\u00e9volement la gestion. Les ateliers propos\u00e9s sont anim\u00e9s par des intervenants sp\u00e9cialis\u00e9s. Devenir membre Vous partagez nos valeurs ? Vous souhaitez nous soutenir et prendre &hellip; <a href=\"https:\/\/lamaisonbulle.fr\/?page_id=32\" class=\"more-link\">Continuer la lecture de <span class=\"screen-reader-text\">Bienvenue<\/span><\/a><\/p>\n","protected":false},"author":1,"featured_media":319,"parent":0,"menu_order":0,"comment_status":"closed","ping_status":"closed","template":"","meta":{"footnotes":""},"_links":{"self":[{"href":"https:\/\/lamaisonbulle.fr\/index.php?rest_route=\/wp\/v2\/pages\/32"}],"collection":[{"href":"https:\/\/lamaisonbulle.fr\/index.php?rest_route=\/wp\/v2\/pages"}],"about":[{"href":"https:\/\/lamaisonbulle.fr\/index.php?rest_route=\/wp\/v2\/types\/page"}],"author":[{"embeddable":true,"href":"https:\/\/lamaisonbulle.fr\/index.php?rest_route=\/wp\/v2\/users\/1"}],"replies":[{"embeddable":true,"href":"https:\/\/lamaisonbulle.fr\/index.php?rest_route=%2Fwp%2Fv2%2Fcomments&post=32"}],"version-history":[{"count":15,"href":"https:\/\/lamaisonbulle.fr\/index.php?rest_route=\/wp\/v2\/pages\/32\/revisions"}],"predecessor-version":[{"id":476,"href":"https:\/\/lamaisonbulle.fr\/index.php?rest_route=\/wp\/v2\/pages\/32\/revisions\/476"}],"wp:featuredmedia":[{"embeddable":true,"href":"https:\/\/lamaisonbulle.fr\/index.php?rest_route=\/wp\/v2\/media\/319"}],"wp:attachment":[{"href":"https:\/\/lamaisonbulle.fr\/index.php?rest_route=%2Fwp%2Fv2%2Fmedia&parent=32"}],"curies":[{"name":"wp","href":"https:\/\/api.w.org\/{rel}","templated":true}]}}